{"id":14074,"date":"2023-12-21T15:07:34","date_gmt":"2023-12-21T15:07:34","guid":{"rendered":"https:\/\/aronamorethanfashion.com\/zugaenglichkeit\/"},"modified":"2023-12-21T15:07:34","modified_gmt":"2023-12-21T15:07:34","slug":"zugaenglichkeit","status":"publish","type":"page","link":"https:\/\/aronamorethanfashion.com\/de\/zugaenglichkeit\/","title":{"rendered":"Zug\u00e4nglichkeit"},"content":{"rendered":"<section id=\"content\" class=\"page-content page-cms page-cms-12\">\n<div>Rosti Family Group, S.L. hat sich verpflichtet, seine Website gem\u00e4\u00df dem<a tabindex=\"0\" href=\"https:\/\/www.boe.es\/diario_boe\/txt.php?id=BOE-A-2018-12699\" target=\"_blank\" rel=\"noreferrer noopener\"> K\u00f6niglichen Erlass 1112\/2018 vom 7. September<\/a> \u00fcber die Barrierefreiheit von Websites und Anwendungen f\u00fcr mobile Ger\u00e4te zug\u00e4nglich zu machen, indem er diese Erkl\u00e4rung zur Barrierefreiheit auf die Website <a tabindex=\"0\" href=\"https:\/\/aronamorethanfashion.com\">https:\/\/aronamorethanfashion.com<\/a> anwendet<\/div>\n<h4>Compliance-Status<\/h4>\n<div>Diese Websites entsprechen teilweise dem K\u00f6niglichen Erlass 1112\/2018 vom 7. Dezember, da der unten aufgef\u00fchrte Aspekt nicht konform ist.<\/div>\n<h4>Inhalt nicht zug\u00e4nglich<\/h4>\n<div>Der unten aufgef\u00fchrte Inhalt ist aus folgenden Gr\u00fcnden nicht zug\u00e4nglich:<\/div>\n<ul>\n<li>Mangelhafte Einhaltung des K\u00f6niglichen Erlasses 1112\/2018 vom 7. Dezember:\n<ul>\n<li>Auf dieser Website ist die Verwendung von Tastaturk\u00fcrzeln nicht m\u00f6glich.<\/li>\n<li>Der Textabstand ist auf einigen Seiten nicht einstellbar<\/li>\n<\/ul>\n<\/li>\n<\/ul>\n<h4>Erstellung dieser Erkl\u00e4rung zur Barrierefreiheit<\/h4>\n<div>Diese Erkl\u00e4rung wurde am 21. Dezember 2023 erstellt.<\/div>\n<div>Als Methode zur Erstellung der Erkl\u00e4rung diente eine von der Organisation selbst durchgef\u00fchrte Selbstbewertung.<\/div>\n<div>Letzte \u00dcberarbeitung der Erkl\u00e4rung: 21. Dezember 2023.<\/div>\n<h4>Beobachtungen und Kontaktinformationen<\/h4>\n<div>Sie k\u00f6nnen Mitteilungen \u00fcber Barrierefreiheitsanforderungen (Artikel 10.2.a) von RD 1112\/2018) machen, wie zum Beispiel:<\/div>\n<ul>\n<li>Melden Sie jeden m\u00f6glichen Versto\u00df auf dieser Website<\/li>\n<li>\u00dcbertragen Sie andere Schwierigkeiten beim Zugriff auf Inhalte<\/li>\n<li>Stellen Sie weitere Fragen oder Verbesserungsvorschl\u00e4ge zur Barrierefreiheit der Website<\/li>\n<\/ul>\n<div>Per E-Mail <a tabindex=\"0\" href=\"mailto:info@theshowroommag.com\" target=\"_blank\" rel=\"noopener\">info@theshowroommag.com<\/a><\/div>\n<h4>Bewerbungsverfahren<\/h4>\n<div>Wenn ein Antrag auf zug\u00e4ngliche Informationen oder eine Beschwerde einmal gestellt wurde, dieser abgelehnt wurde, die getroffene Entscheidung nicht einvernehmlich ist oder die Antwort nicht den in Artikel 12.5 genannten Anforderungen entspricht, kann die betroffene Person einen Anspruch geltend machen. Ebenso kann eine Klage erhoben werden, wenn die Frist von zwanzig Werktagen verstrichen ist, ohne dass eine Antwort eingegangen ist. <\/div>\n<div>Der Anspruch kann \u00fcber die E-Mail-Adresse <a tabindex=\"0\" href=\"mailto:info@theshowroommag.com\" target=\"_blank\" rel=\"noopener\">info@theshowroommag.com<\/a> sowie \u00fcber die \u00fcbrigen M\u00f6glichkeiten des Gesetzes 39\/2015 vom 1. Oktober \u00fcber das gemeinsame Verwaltungsverfahren der \u00f6ffentlichen Verwaltungen eingereicht werden.<\/div>\n<h4>Optionaler Inhalt<\/h4>\n<div>Die letzte \u00dcberpr\u00fcfung der Barrierefreiheit wurde im Dezember 2023 durchgef\u00fchrt.<\/div>\n<div>Die Website ist f\u00fcr Microsoft Internet Explorer 8.0 oder h\u00f6here Versionen und die neuesten Versionen von Firefox, Safari, Opera und Google Chrome optimiert. Die empfohlene Mindestaufl\u00f6sung f\u00fcr das Web betr\u00e4gt 1920 x 1080. <\/div>\n<div>Die Website ist f\u00fcr Responsive Viewing konzipiert, sodass sie auf Tablets und Mobilger\u00e4ten optimal angezeigt wird. Auf diesen Ger\u00e4ten ist es f\u00fcr die Anzeige in den neuesten aktuellen Versionen von Chrome f\u00fcr Mobilger\u00e4te, Firefox f\u00fcr Mobilger\u00e4te, Safari f\u00fcr Mobilger\u00e4te, Opera Mini und dem nativen Android-Browser optimiert. <\/div>\n<div>Zur Erleichterung der Barrierefreiheit werden unter anderem folgende Ma\u00dfnahmen ergriffen:<\/div>\n<ul>\n<li>Verwendung von alternativem Text in Bildern<\/li>\n<li>Verwendung von W3C-Standards: XHTML 1.0, CSS 3.0, WAI AA.<\/li>\n<\/ul>\n<\/section>\n","protected":false},"excerpt":{"rendered":"<p>Rosti Family Group, S.L. hat sich verpflichtet, seine Website gem\u00e4\u00df dem K\u00f6niglichen Erlass 1112\/2018 vom 7. September \u00fcber die Barrierefreiheit von Websites und Anwendungen f\u00fcr mobile Ger\u00e4te zug\u00e4nglich zu machen, indem er diese Erkl\u00e4rung zur Barrierefreiheit auf die Website https:\/\/aronamorethanfashion.com anwendet Compliance-Status Diese Websites entsprechen teilweise dem K\u00f6niglichen Erlass 1112\/2018 vom 7. Dezember, da der [&hellip;]<\/p>\n","protected":false},"author":1,"featured_media":0,"parent":0,"menu_order":0,"comment_status":"closed","ping_status":"closed","template":"page-templates\/page_legales.php","meta":{"_genesis_hide_title":false,"_genesis_hide_breadcrumbs":false,"_genesis_hide_singular_image":false,"_genesis_hide_footer_widgets":false,"_genesis_custom_body_class":"","_genesis_custom_post_class":"","_genesis_layout":"","footnotes":""},"class_list":{"0":"post-14074","1":"page","2":"type-page","3":"status-publish","5":"entry"},"aioseo_notices":[],"_links":{"self":[{"href":"https:\/\/aronamorethanfashion.com\/de\/wp-json\/wp\/v2\/pages\/14074","targetHints":{"allow":["GET"]}}],"collection":[{"href":"https:\/\/aronamorethanfashion.com\/de\/wp-json\/wp\/v2\/pages"}],"about":[{"href":"https:\/\/aronamorethanfashion.com\/de\/wp-json\/wp\/v2\/types\/page"}],"author":[{"embeddable":true,"href":"https:\/\/aronamorethanfashion.com\/de\/wp-json\/wp\/v2\/users\/1"}],"replies":[{"embeddable":true,"href":"https:\/\/aronamorethanfashion.com\/de\/wp-json\/wp\/v2\/comments?post=14074"}],"version-history":[{"count":0,"href":"https:\/\/aronamorethanfashion.com\/de\/wp-json\/wp\/v2\/pages\/14074\/revisions"}],"wp:attachment":[{"href":"https:\/\/aronamorethanfashion.com\/de\/wp-json\/wp\/v2\/media?parent=14074"}],"curies":[{"name":"wp","href":"https:\/\/api.w.org\/{rel}","templated":true}]}}